{"id":449,"date":"2023-08-23T15:20:50","date_gmt":"2023-08-23T13:20:50","guid":{"rendered":"http:\/\/vigilancetf.com\/?page_id=449"},"modified":"2023-09-06T10:11:28","modified_gmt":"2023-09-06T08:11:28","slug":"politique-de-confidentialite-2","status":"publish","type":"page","link":"https:\/\/vigilancetf.com\/?page_id=449","title":{"rendered":"Politique de confidentialit\u00e9"},"content":{"rendered":"\t\t<div data-elementor-type=\"wp-page\" data-elementor-id=\"449\" class=\"elementor elementor-449\">\n\t\t\t\t\t\t\t\t\t<section class=\"elementor-section elementor-top-section elementor-element elementor-element-c29fdaa elementor-section-boxed elementor-section-height-default elementor-section-height-default\" data-id=\"c29fdaa\" data-element_type=\"section\">\n\t\t\t\t\t\t<div class=\"elementor-container elementor-column-gap-default\">\n\t\t\t\t\t<div class=\"elementor-column elementor-col-100 elementor-top-column elementor-element elementor-element-58e412a\" data-id=\"58e412a\" data-element_type=\"column\">\n\t\t\t<div class=\"elementor-widget-wrap elementor-element-populated\">\n\t\t\t\t\t\t\t\t<div class=\"elementor-element elementor-element-ccbf482 elementor-widget elementor-widget-heading\" data-id=\"ccbf482\" data-element_type=\"widget\" data-widget_type=\"heading.default\">\n\t\t\t\t<div class=\"elementor-widget-container\">\n\t\t\t<style>\/*! elementor - v3.15.0 - 20-08-2023 *\/\n.elementor-heading-title{padding:0;margin:0;line-height:1}.elementor-widget-heading .elementor-heading-title[class*=elementor-size-]>a{color:inherit;font-size:inherit;line-height:inherit}.elementor-widget-heading .elementor-heading-title.elementor-size-small{font-size:15px}.elementor-widget-heading .elementor-heading-title.elementor-size-medium{font-size:19px}.elementor-widget-heading .elementor-heading-title.elementor-size-large{font-size:29px}.elementor-widget-heading .elementor-heading-title.elementor-size-xl{font-size:39px}.elementor-widget-heading .elementor-heading-title.elementor-size-xxl{font-size:59px}<\/style><h2 class=\"elementor-heading-title elementor-size-default\">Les donn\u00e9es collect\u00e9es<\/h2>\t\t<\/div>\n\t\t\t\t<\/div>\n\t\t\t\t\t<\/div>\n\t\t<\/div>\n\t\t\t\t\t\t\t<\/div>\n\t\t<\/section>\n\t\t\t\t<section class=\"elementor-section elementor-top-section elementor-element elementor-element-c9b50e6 elementor-section-boxed elementor-section-height-default elementor-section-height-default\" data-id=\"c9b50e6\" data-element_type=\"section\">\n\t\t\t\t\t\t<div class=\"elementor-container elementor-column-gap-default\">\n\t\t\t\t\t<div class=\"elementor-column elementor-col-100 elementor-top-column elementor-element elementor-element-284cf5b\" data-id=\"284cf5b\" data-element_type=\"column\">\n\t\t\t<div class=\"elementor-widget-wrap elementor-element-populated\">\n\t\t\t\t\t\t\t\t<div class=\"elementor-element elementor-element-7dd0072 elementor-widget elementor-widget-text-editor\" data-id=\"7dd0072\" data-element_type=\"widget\" data-widget_type=\"text-editor.default\">\n\t\t\t\t<div class=\"elementor-widget-container\">\n\t\t\t<style>\/*! elementor - v3.15.0 - 20-08-2023 *\/\n.elementor-widget-text-editor.elementor-drop-cap-view-stacked .elementor-drop-cap{background-color:#69727d;color:#fff}.elementor-widget-text-editor.elementor-drop-cap-view-framed .elementor-drop-cap{color:#69727d;border:3px solid;background-color:transparent}.elementor-widget-text-editor:not(.elementor-drop-cap-view-default) .elementor-drop-cap{margin-top:8px}.elementor-widget-text-editor:not(.elementor-drop-cap-view-default) .elementor-drop-cap-letter{width:1em;height:1em}.elementor-widget-text-editor .elementor-drop-cap{float:left;text-align:center;line-height:1;font-size:50px}.elementor-widget-text-editor .elementor-drop-cap-letter{display:inline-block}<\/style>\t\t\t\t<p>Les informations non identifi\u00e9es et non identifiables, qui peuvent \u00eatre fournies par vous lors du processus d&rsquo;enregistrement ou recueillies lorsque vous utilisez nos Services (les \u00abInformations non personnelles\u00bb). Les informations non personnelles ne nous permettent pas d&rsquo;identifier la personne aupr\u00e8s de qui elles ont \u00e9t\u00e9 recueillies. Les informations non personnelles que nous recueillons consistent principalement en des informations techniques et des informations d&rsquo;utilisation agr\u00e9g\u00e9es.<\/p>\t\t\t\t\t\t<\/div>\n\t\t\t\t<\/div>\n\t\t\t\t\t<\/div>\n\t\t<\/div>\n\t\t\t\t\t\t\t<\/div>\n\t\t<\/section>\n\t\t\t\t<section class=\"elementor-section elementor-top-section elementor-element elementor-element-6fdbe8e elementor-section-boxed elementor-section-height-default elementor-section-height-default\" data-id=\"6fdbe8e\" data-element_type=\"section\">\n\t\t\t\t\t\t<div class=\"elementor-container elementor-column-gap-default\">\n\t\t\t\t\t<div class=\"elementor-column elementor-col-100 elementor-top-column elementor-element elementor-element-4c8a395\" data-id=\"4c8a395\" data-element_type=\"column\">\n\t\t\t<div class=\"elementor-widget-wrap elementor-element-populated\">\n\t\t\t\t\t\t\t\t<div class=\"elementor-element elementor-element-3b446c8 elementor-widget elementor-widget-heading\" data-id=\"3b446c8\" data-element_type=\"widget\" data-widget_type=\"heading.default\">\n\t\t\t\t<div class=\"elementor-widget-container\">\n\t\t\t<h2 class=\"elementor-heading-title elementor-size-default\">Comment nous recueillons les informations<\/h2>\t\t<\/div>\n\t\t\t\t<\/div>\n\t\t\t\t\t<\/div>\n\t\t<\/div>\n\t\t\t\t\t\t\t<\/div>\n\t\t<\/section>\n\t\t\t\t<section class=\"elementor-section elementor-top-section elementor-element elementor-element-3c7ec41 elementor-section-boxed elementor-section-height-default elementor-section-height-default\" data-id=\"3c7ec41\" data-element_type=\"section\">\n\t\t\t\t\t\t<div class=\"elementor-container elementor-column-gap-default\">\n\t\t\t\t\t<div class=\"elementor-column elementor-col-100 elementor-top-column elementor-element elementor-element-f74ccbb\" data-id=\"f74ccbb\" data-element_type=\"column\">\n\t\t\t<div class=\"elementor-widget-wrap elementor-element-populated\">\n\t\t\t\t\t\t\t\t<div class=\"elementor-element elementor-element-b275010 elementor-widget elementor-widget-text-editor\" data-id=\"b275010\" data-element_type=\"widget\" data-widget_type=\"text-editor.default\">\n\t\t\t\t<div class=\"elementor-widget-container\">\n\t\t\t\t\t\t\t<p>\u25cf Nous recueillons des informations lorsque vous utilisez les Services. Lorsque vous visitez nos Propri\u00e9t\u00e9s num\u00e9riques ou que vous utilisez nos Services, nous pouvons recueillir, collecter et enregistrer ces utilisations, sessions et informations connexes.<br>\u25cf Nous recueillons les informations que vous nous fournissez volontairement. Par exemple, nous recueillons les informations que vous nous fournissez lorsque vous nous contactez directement par n&rsquo;importe quel canal de communication (par exemple lorsque vous nous envoyez un e-mail contenant un commentaire ou un retour d&rsquo;information) ou en remplissant le formulaire pour nous contacter.<br><\/p>\t\t\t\t\t\t<\/div>\n\t\t\t\t<\/div>\n\t\t\t\t\t<\/div>\n\t\t<\/div>\n\t\t\t\t\t\t\t<\/div>\n\t\t<\/section>\n\t\t\t\t<section class=\"elementor-section elementor-top-section elementor-element elementor-element-bcb64e0 elementor-section-boxed elementor-section-height-default elementor-section-height-default\" data-id=\"bcb64e0\" data-element_type=\"section\">\n\t\t\t\t\t\t<div class=\"elementor-container elementor-column-gap-default\">\n\t\t\t\t\t<div class=\"elementor-column elementor-col-100 elementor-top-column elementor-element elementor-element-2ce4822\" data-id=\"2ce4822\" data-element_type=\"column\">\n\t\t\t<div class=\"elementor-widget-wrap elementor-element-populated\">\n\t\t\t\t\t\t\t\t<div class=\"elementor-element elementor-element-e5f3f6c elementor-widget elementor-widget-heading\" data-id=\"e5f3f6c\" data-element_type=\"widget\" data-widget_type=\"heading.default\">\n\t\t\t\t<div class=\"elementor-widget-container\">\n\t\t\t<h2 class=\"elementor-heading-title elementor-size-default\">Pourquoi nous recueillons les informations<\/h2>\t\t<\/div>\n\t\t\t\t<\/div>\n\t\t\t\t\t<\/div>\n\t\t<\/div>\n\t\t\t\t\t\t\t<\/div>\n\t\t<\/section>\n\t\t\t\t<section class=\"elementor-section elementor-top-section elementor-element elementor-element-d658a25 elementor-section-boxed elementor-section-height-default elementor-section-height-default\" data-id=\"d658a25\" data-element_type=\"section\">\n\t\t\t\t\t\t<div class=\"elementor-container elementor-column-gap-default\">\n\t\t\t\t\t<div class=\"elementor-column elementor-col-100 elementor-top-column elementor-element elementor-element-3609a78\" data-id=\"3609a78\" data-element_type=\"column\">\n\t\t\t<div class=\"elementor-widget-wrap elementor-element-populated\">\n\t\t\t\t\t\t\t\t<div class=\"elementor-element elementor-element-f39fea2 elementor-widget elementor-widget-text-editor\" data-id=\"f39fea2\" data-element_type=\"widget\" data-widget_type=\"text-editor.default\">\n\t\t\t\t<div class=\"elementor-widget-container\">\n\t\t\t\t\t\t\t<p>Nous utilisons vos informations personnelles aux fins suivantes :<br \/>\u25cf Pour fournir et exploiter les Services<br \/>\u25cf Pour d\u00e9velopper, personnaliser et am\u00e9liorer nos Services<br \/>\u25cf Pour r\u00e9pondre \u00e0 vos r\u00e9actions, demandes et requ\u00eates et vous apporter notre assistance<br \/>\u25cf Pour analyser les sch\u00e9mas de demande et d&rsquo;utilisation<br \/>\u25cf \u00e0 d&rsquo;autres fins internes, de recherche ou de statistiques<br \/>\u25cf Pour renforcer nos capacit\u00e9s en mati\u00e8re de s\u00e9curit\u00e9 des donn\u00e9es et de pr\u00e9vention de la fraude<br \/>\u25cf Pour enqu\u00eater sur les \u00e9ventuelles violations, faire respecter nos conditions ou nos politiques, ou se conformer \u00e0 une loi, une r\u00e9glementation ou une autorit\u00e9 gouvernementale applicable.<br \/>\u25cf Pour vous envoyer des mises \u00e0 jour, des avis, des documents promotionnels et d&rsquo;autres informations concernant nos Services. Si nous vous envoyons des e-mails promotionnels, vous pouvez choisir de ne plus les recevoir en cliquant sur le lien de d\u00e9sabonnement que ces e-mails contiennent.<\/p>\t\t\t\t\t\t<\/div>\n\t\t\t\t<\/div>\n\t\t\t\t\t<\/div>\n\t\t<\/div>\n\t\t\t\t\t\t\t<\/div>\n\t\t<\/section>\n\t\t\t\t<section class=\"elementor-section elementor-top-section elementor-element elementor-element-a614b8f elementor-section-boxed elementor-section-height-default elementor-section-height-default\" data-id=\"a614b8f\" data-element_type=\"section\">\n\t\t\t\t\t\t<div class=\"elementor-container elementor-column-gap-default\">\n\t\t\t\t\t<div class=\"elementor-column elementor-col-100 elementor-top-column elementor-element elementor-element-411bd52\" data-id=\"411bd52\" data-element_type=\"column\">\n\t\t\t<div class=\"elementor-widget-wrap elementor-element-populated\">\n\t\t\t\t\t\t\t\t<div class=\"elementor-element elementor-element-86113a1 elementor-widget elementor-widget-heading\" data-id=\"86113a1\" data-element_type=\"widget\" data-widget_type=\"heading.default\">\n\t\t\t\t<div class=\"elementor-widget-container\">\n\t\t\t<h2 class=\"elementor-heading-title elementor-size-default\">Avec qui nous partageons les informations :<\/h2>\t\t<\/div>\n\t\t\t\t<\/div>\n\t\t\t\t\t<\/div>\n\t\t<\/div>\n\t\t\t\t\t\t\t<\/div>\n\t\t<\/section>\n\t\t\t\t<section class=\"elementor-section elementor-top-section elementor-element elementor-element-2c15eb2 elementor-section-boxed elementor-section-height-default elementor-section-height-default\" data-id=\"2c15eb2\" data-element_type=\"section\">\n\t\t\t\t\t\t<div class=\"elementor-container elementor-column-gap-default\">\n\t\t\t\t\t<div class=\"elementor-column elementor-col-100 elementor-top-column elementor-element elementor-element-b01d905\" data-id=\"b01d905\" data-element_type=\"column\">\n\t\t\t<div class=\"elementor-widget-wrap elementor-element-populated\">\n\t\t\t\t\t\t\t\t<div class=\"elementor-element elementor-element-3e1aba4 elementor-widget elementor-widget-text-editor\" data-id=\"3e1aba4\" data-element_type=\"widget\" data-widget_type=\"text-editor.default\">\n\t\t\t\t<div class=\"elementor-widget-container\">\n\t\t\t\t\t\t\t<p>Nous pouvons partager vos informations avec nos fournisseurs de services, afin d&rsquo;exploiter nos Services (par exemple, en stockant des informations sur les services d&rsquo;h\u00e9bergement tiers, en fournissant notre assistance technique, etc.)<\/p><p>Combien de temps sont conserv\u00e9es les informations :<br \/>Veuillez noter que nous conservons les informations que nous recueillons aussi longtemps que n\u00e9cessaire pour fournir les Services et pour nous conformer \u00e0 nos obligations l\u00e9gales ou contractuelles envers vous, r\u00e9soudre les litiges et faire respecter nos accords.<br \/>Nous pouvons rectifier, compl\u00e9ter ou supprimer des informations incompl\u00e8tes ou inexactes, \u00e0 tout moment et \u00e0 notre enti\u00e8re discr\u00e9tion.<\/p>\t\t\t\t\t\t<\/div>\n\t\t\t\t<\/div>\n\t\t\t\t\t<\/div>\n\t\t<\/div>\n\t\t\t\t\t\t\t<\/div>\n\t\t<\/section>\n\t\t\t\t<section class=\"elementor-section elementor-top-section elementor-element elementor-element-a69e3a7 elementor-section-boxed elementor-section-height-default elementor-section-height-default\" data-id=\"a69e3a7\" data-element_type=\"section\">\n\t\t\t\t\t\t<div class=\"elementor-container elementor-column-gap-default\">\n\t\t\t\t\t<div class=\"elementor-column elementor-col-100 elementor-top-column elementor-element elementor-element-935cfef\" data-id=\"935cfef\" data-element_type=\"column\">\n\t\t\t<div class=\"elementor-widget-wrap elementor-element-populated\">\n\t\t\t\t\t\t\t\t<div class=\"elementor-element elementor-element-d59a6ec elementor-widget elementor-widget-heading\" data-id=\"d59a6ec\" data-element_type=\"widget\" data-widget_type=\"heading.default\">\n\t\t\t\t<div class=\"elementor-widget-container\">\n\t\t\t<h2 class=\"elementor-heading-title elementor-size-default\">Cookies<\/h2>\t\t<\/div>\n\t\t\t\t<\/div>\n\t\t\t\t\t<\/div>\n\t\t<\/div>\n\t\t\t\t\t\t\t<\/div>\n\t\t<\/section>\n\t\t\t\t<section class=\"elementor-section elementor-top-section elementor-element elementor-element-35f3544 elementor-section-boxed elementor-section-height-default elementor-section-height-default\" data-id=\"35f3544\" data-element_type=\"section\">\n\t\t\t\t\t\t<div class=\"elementor-container elementor-column-gap-default\">\n\t\t\t\t\t<div class=\"elementor-column elementor-col-100 elementor-top-column elementor-element elementor-element-8062961\" data-id=\"8062961\" data-element_type=\"column\">\n\t\t\t<div class=\"elementor-widget-wrap elementor-element-populated\">\n\t\t\t\t\t\t\t\t<div class=\"elementor-element elementor-element-914c086 elementor-widget elementor-widget-text-editor\" data-id=\"914c086\" data-element_type=\"widget\" data-widget_type=\"text-editor.default\">\n\t\t\t\t<div class=\"elementor-widget-container\">\n\t\t\t\t\t\t\t<p>\u25cf Qu&rsquo;est-ce qu&rsquo;un cookie ?<br>Les cookies sont des fichiers textes plac\u00e9s par le serveur d&rsquo;un site internet sur votre ordinateur ou votre appareil mobile quand vous consultez un site internet afin de collecter les informations standard de connexion internet ainsi que les informations de comportement du visiteur du site internet. Lorsque vous visitez le site internet de Vigilance Task Force nous sommes susceptibles de collecter des informations via des cookies ou toute autre technologie similaire.<br>Merci de noter que nos cookies ne collectent que des informations anonymis\u00e9es et ne collectent aucune information personnelle \u00e0 votre sujet.<br>\u25cf Notre utilisation des cookies<br>Nous utilisons des cookies de plusieurs mani\u00e8res afin d&rsquo;am\u00e9liorer votre exp\u00e9rience sur notre site internet et notamment en comprenant comment vous utilisez notre site internet.<br>\u25cf Type de cookies<br>Il existe plusieurs sortes de cookies. Cependant, VOTRE SITE n&rsquo;utilise actuellement que le suivant :<\/p><p>Complianz<br><\/p>\t\t\t\t\t\t<\/div>\n\t\t\t\t<\/div>\n\t\t\t\t\t<\/div>\n\t\t<\/div>\n\t\t\t\t\t\t\t<\/div>\n\t\t<\/section>\n\t\t\t\t\t\t\t<\/div>\n\t\t","protected":false},"excerpt":{"rendered":"<p>Les donn\u00e9es collect\u00e9es Les informations non identifi\u00e9es et non identifiables, qui peuvent \u00eatre fournies par vous lors du processus d&rsquo;enregistrement ou recueillies lorsque vous utilisez nos Services (les \u00abInformations non personnelles\u00bb). Les informations non personnelles ne nous permettent pas d&rsquo;identifier la personne aupr\u00e8s de qui elles ont \u00e9t\u00e9 recueillies. Les informations non personnelles que nous &hellip;<\/p>\n<p class=\"read-more\"> <a class=\"\" href=\"https:\/\/vigilancetf.com\/?page_id=449\"> <span class=\"screen-reader-text\">Politique de confidentialit\u00e9<\/span> Lire la suite\u00a0\u00bb<\/a><\/p>\n","protected":false},"author":1,"featured_media":0,"parent":0,"menu_order":0,"comment_status":"closed","ping_status":"closed","template":"","meta":{"site-sidebar-layout":"no-sidebar","site-content-layout":"page-builder","ast-site-content-layout":"","site-content-style":"default","site-sidebar-style":"default","ast-global-header-display":"","ast-banner-title-visibility":"","ast-main-header-display":"","ast-hfb-above-header-display":"","ast-hfb-below-header-display":"","ast-hfb-mobile-header-display":"","site-post-title":"disabled","ast-breadcrumbs-content":"","ast-featured-img":"disabled","footer-sml-layout":"","theme-transparent-header-meta":"","adv-header-id-meta":"","stick-header-meta":"","header-above-stick-meta":"","header-main-stick-meta":"","header-below-stick-meta":"","astra-migrate-meta-layouts":"","footnotes":""},"class_list":["post-449","page","type-page","status-publish","hentry"],"_links":{"self":[{"href":"https:\/\/vigilancetf.com\/index.php?rest_route=\/wp\/v2\/pages\/449","targetHints":{"allow":["GET"]}}],"collection":[{"href":"https:\/\/vigilancetf.com\/index.php?rest_route=\/wp\/v2\/pages"}],"about":[{"href":"https:\/\/vigilancetf.com\/index.php?rest_route=\/wp\/v2\/types\/page"}],"author":[{"embeddable":true,"href":"https:\/\/vigilancetf.com\/index.php?rest_route=\/wp\/v2\/users\/1"}],"replies":[{"embeddable":true,"href":"https:\/\/vigilancetf.com\/index.php?rest_route=%2Fwp%2Fv2%2Fcomments&post=449"}],"version-history":[{"count":14,"href":"https:\/\/vigilancetf.com\/index.php?rest_route=\/wp\/v2\/pages\/449\/revisions"}],"predecessor-version":[{"id":887,"href":"https:\/\/vigilancetf.com\/index.php?rest_route=\/wp\/v2\/pages\/449\/revisions\/887"}],"wp:attachment":[{"href":"https:\/\/vigilancetf.com\/index.php?rest_route=%2Fwp%2Fv2%2Fmedia&parent=449"}],"curies":[{"name":"wp","href":"https:\/\/api.w.org\/{rel}","templated":true}]}}